
{"id":13,"date":"2021-04-20T10:45:22","date_gmt":"2021-04-20T08:45:22","guid":{"rendered":"https:\/\/przedszkole28.edu.wroclaw.pl\/?page_id=13"},"modified":"2025-10-06T22:25:43","modified_gmt":"2025-10-06T20:25:43","slug":"strona-glowna","status":"publish","type":"page","link":"https:\/\/przedszkole28.edu.wroclaw.pl\/","title":{"rendered":"Strona g\u0142\u00f3wna"},"content":{"rendered":"<div class=\"wpb-content-wrapper\"><p>[vc_row css_animation=&#8221;zoomIn&#8221; css=&#8221;.vc_custom_1623318733447{margin-left: 40px !important;}&#8221;][vc_column width=&#8221;1\/5&#8243;][vc_icon icon_fontawesome=&#8221;fas fa-home&#8221; color=&#8221;custom&#8221; background_style=&#8221;rounded-outline&#8221; background_color=&#8221;custom&#8221; size=&#8221;xl&#8221; align=&#8221;center&#8221; custom_color=&#8221;#00366c&#8221; custom_background_color=&#8221;#00366c&#8221; link=&#8221;url:https%3A%2F%2Fprzedszkole28.edu.wroclaw.pl%2Findex.php%2Fo-przedszkolu%2F|title:O%20nas&#8221;][vc_column_text css=&#8221;.vc_custom_1686728970156{margin-top: -40px !important;}&#8221;]<\/p>\n<h2 style=\"text-align: center\"><span style=\"font-size: 20px;color: #00366c\">O nas<\/span><\/h2>\n<p>[\/vc_column_text][\/vc_column][vc_column width=&#8221;1\/5&#8243;][vc_icon icon_fontawesome=&#8221;fas fa-utensils&#8221; color=&#8221;custom&#8221; background_style=&#8221;rounded-outline&#8221; background_color=&#8221;custom&#8221; size=&#8221;xl&#8221; align=&#8221;center&#8221; custom_color=&#8221;#d62b00&#8243; custom_background_color=&#8221;#d62b00&#8243; link=&#8221;url:https%3A%2F%2Fprzedszkole28.edu.wroclaw.pl%2Findex.php%2Fjadlospis%2F|title:Jad%C5%82ospis&#8221;][vc_column_text css=&#8221;.vc_custom_1686729244825{margin-top: -40px !important;}&#8221;]<\/p>\n<h2 style=\"text-align: center\"><span style=\"font-size: 20px;color: #d62b00\">Jad\u0142ospis<\/span><\/h2>\n<p>[\/vc_column_text][\/vc_column][vc_column width=&#8221;1\/5&#8243;][vc_icon icon_fontawesome=&#8221;fas fa-layer-group&#8221; color=&#8221;custom&#8221; background_style=&#8221;rounded-outline&#8221; background_color=&#8221;custom&#8221; size=&#8221;xl&#8221; align=&#8221;center&#8221; custom_color=&#8221;#2d8000&#8243; custom_background_color=&#8221;#2d8000&#8243; link=&#8221;url:https%3A%2F%2Fprzedszkole28.edu.wroclaw.pl%2Findex.php%2Frodo%2F|title:RODO&#8221;][vc_column_text css=&#8221;.vc_custom_1686729433736{margin-top: -40px !important;}&#8221;]<\/p>\n<h2 style=\"text-align: center\"><span style=\"font-size: 20px;color: #2d8000\">RODO<\/span><\/h2>\n<p>[\/vc_column_text][\/vc_column][vc_column width=&#8221;1\/5&#8243;][vc_icon icon_fontawesome=&#8221;fas fa-cloud&#8221; color=&#8221;custom&#8221; background_style=&#8221;rounded-outline&#8221; background_color=&#8221;custom&#8221; size=&#8221;xl&#8221; align=&#8221;center&#8221; custom_color=&#8221;#af00ea&#8221; custom_background_color=&#8221;#af00ea&#8221; link=&#8221;url:https%3A%2F%2Faqicn.org%2Fcity%2Fpoland%2Fdolnoslaskie%2Fwroclaw-wisniowa%2Fpl|title:Jako%C5%9B%C4%87%20powietrza&#8221;][vc_column_text css=&#8221;.vc_custom_1686729688831{margin-top: -40px !important;}&#8221;]<\/p>\n<h2 style=\"text-align: center\"><span style=\"font-size: 20px;color: #af00ea\">Jako\u015b\u0107 Powietrza<\/span><span style=\"font-size: 20px;color: #2d8000\"><br \/>\n<\/span><\/h2>\n<p>[\/vc_column_text][\/vc_column][vc_column width=&#8221;1\/5&#8243;][vc_icon icon_fontawesome=&#8221;fas fa-user-graduate&#8221; color=&#8221;custom&#8221; background_style=&#8221;rounded-outline&#8221; background_color=&#8221;custom&#8221; size=&#8221;xl&#8221; align=&#8221;center&#8221; custom_color=&#8221;#9e5900&#8243; custom_background_color=&#8221;#9e5900&#8243; link=&#8221;url:https%3A%2F%2Fwww.wroclaw.pl%2Fdla-mieszkanca%2Frekrutacja-szkoly-i-przedszkola-wroclaw|title:Rekrutacja|target:_blank&#8221;][vc_column_text css=&#8221;.vc_custom_1686729878166{margin-top: -40px !important;}&#8221;]<\/p>\n<h2 style=\"text-align: center\"><span style=\"font-size: 20px;color: #9e5900\">Rekrutacja<\/span><span style=\"font-size: 20px;color: #2d8000\"><br \/>\n<\/span><\/h2>\n<p>[\/vc_column_text][\/vc_column][\/vc_row][vc_row][vc_column width=&#8221;1\/12&#8243;][\/vc_column][vc_column width=&#8221;1\/2&#8243;][vc_wp_text]<\/p>\n<h1 style=\"text-align: center\"><span style=\"font-size: 42pt;color: #00366c\">O Przedszkolu<br \/>\n<\/span><\/h1>\n<p>[\/vc_wp_text][vc_separator color=&#8221;custom&#8221; border_width=&#8221;4&#8243; el_width=&#8221;50&#8243; css=&#8221;.vc_custom_1618908309789{margin-top: -30px !important;}&#8221; accent_color=&#8221;#00366c&#8221;][vc_wp_text]Przedszkole nr 28 ,,Fantazja\u201d jest jednym z najstarszych przedszkoli we Wroc\u0142awiu. Mie\u015bci si\u0119 w atrakcyjnym, wolnostoj\u0105cym, dwukondygnacyjnym budynku willowym, otoczonym du\u017cym ogrodem z wydzielonym placem zabaw, kt\u00f3ry wyposa\u017cony jest w nowoczesny, ekologiczny sprz\u0119t rekreacyjno\u2013 sportowy. Teren jest ogrodzony, wok\u00f3\u0142 jest du\u017co zieleni- krzew\u00f3w, drzew, kwiat\u00f3w, a pod\u0142o\u017ce ogrodu jest bezpieczne \/ murawa\/ dla dzieci. W pobli\u017cu znajduje si\u0119 Park Po\u0142udniowy, kt\u00f3ry jest naturalnym terenem do obserwacji przyrody i zabaw dzieci.[\/vc_wp_text][\/vc_column][vc_column css_animation=&#8221;none&#8221; width=&#8221;1\/3&#8243;][vc_empty_space height=&#8221;160px&#8221;][vc_wp_text]<img loading=\"lazy\" decoding=\"async\" class=\"alignnone size-medium wp-image-6696\" src=\"https:\/\/przedszkole28.edu.wroclaw.pl\/wp-content\/uploads\/sites\/60\/2025\/10\/fantazja-27-300x200.jpg\" alt=\"\" width=\"300\" height=\"200\" srcset=\"https:\/\/przedszkole28.edu.wroclaw.pl\/wp-content\/uploads\/sites\/60\/2025\/10\/fantazja-27-300x200.jpg 300w, https:\/\/przedszkole28.edu.wroclaw.pl\/wp-content\/uploads\/sites\/60\/2025\/10\/fantazja-27-1024x682.jpg 1024w, https:\/\/przedszkole28.edu.wroclaw.pl\/wp-content\/uploads\/sites\/60\/2025\/10\/fantazja-27-768x511.jpg 768w, https:\/\/przedszkole28.edu.wroclaw.pl\/wp-content\/uploads\/sites\/60\/2025\/10\/fantazja-27-1536x1023.jpg 1536w, https:\/\/przedszkole28.edu.wroclaw.pl\/wp-content\/uploads\/sites\/60\/2025\/10\/fantazja-27-2048x1364.jpg 2048w\" sizes=\"auto, (max-width: 300px) 100vw, 300px\" \/>[\/vc_wp_text][\/vc_column][\/vc_row][vc_row][vc_column][vc_empty_space][\/vc_column][\/vc_row][vc_row][vc_column width=&#8221;1\/12&#8243;][\/vc_column][vc_column width=&#8221;1\/2&#8243;][vc_wp_text]<\/p>\n<h1 style=\"text-align: center\"><span style=\"font-size: 42pt;color: #00366c\">Zaplecze<\/span><\/h1>\n<p>[\/vc_wp_text][vc_separator color=&#8221;custom&#8221; border_width=&#8221;4&#8243; el_width=&#8221;30&#8243; css=&#8221;.vc_custom_1618908294132{margin-top: -30px !important;}&#8221; accent_color=&#8221;#00366c&#8221;][vc_wp_text]Przedszkole jest 8-oddzia\u0142owe z codziennym pobytem. Czynne w godzinach 7.00- 17.00.W jednej grupie zapisanych jest do 25 dzieci. \u00a0Sale zaj\u0119\u0107 i zabaw dla dzieci maj\u0105 swoje nazwy pochodz\u0105ce od kolorystyki urz\u0105dzenia wn\u0119trza tj. sala t\u0119czowa (Smoki), czerwona (\u015awietliki), zielona (Minionki), niebieska (Smerfy), pomara\u0144czowa (Elfy), r\u00f3\u017cowa (Le\u015bne duszki), \u017c\u00f3\u0142ta (Skrzaty), fioletowa (Muminki). Opr\u00f3cz sal do zaj\u0119\u0107 dzieci maj\u0105 do dyspozycji: hol wyposa\u017cony w sprz\u0119t do zabaw, hol do zaj\u0119\u0107 gimnastycznych i imprez, gabinet: psychologa, pedagoga i logopedy oraz jadalni\u0119 \/dla dzieci z II pi\u0119tra\/, estetyczne toalety oraz przestronn\u0105 szatni\u0119. Przedszkole posiada w\u0142asn\u0105 kuchni\u0119, w kt\u00f3rej przygotowywane s\u0105 zr\u00f3\u017cnicowane posi\u0142ki. Przedszkole nie ma wydzielonej sypialni, wszystkie dzieci odpoczywaj\u0105 w dowolnej cz\u0119\u015bci dnia w miejscu do tego przeznaczonym.[\/vc_wp_text][\/vc_column][vc_column width=&#8221;1\/3&#8243;][vc_empty_space height=&#8221;160px&#8221;][vc_wp_text]<img loading=\"lazy\" decoding=\"async\" class=\"alignnone size-medium wp-image-6698\" src=\"https:\/\/przedszkole28.edu.wroclaw.pl\/wp-content\/uploads\/sites\/60\/2025\/10\/fantazja-49-300x200.jpg\" alt=\"\" width=\"300\" height=\"200\" srcset=\"https:\/\/przedszkole28.edu.wroclaw.pl\/wp-content\/uploads\/sites\/60\/2025\/10\/fantazja-49-300x200.jpg 300w, https:\/\/przedszkole28.edu.wroclaw.pl\/wp-content\/uploads\/sites\/60\/2025\/10\/fantazja-49-1024x682.jpg 1024w, https:\/\/przedszkole28.edu.wroclaw.pl\/wp-content\/uploads\/sites\/60\/2025\/10\/fantazja-49-768x511.jpg 768w, https:\/\/przedszkole28.edu.wroclaw.pl\/wp-content\/uploads\/sites\/60\/2025\/10\/fantazja-49-1536x1023.jpg 1536w, https:\/\/przedszkole28.edu.wroclaw.pl\/wp-content\/uploads\/sites\/60\/2025\/10\/fantazja-49-2048x1364.jpg 2048w\" sizes=\"auto, (max-width: 300px) 100vw, 300px\" \/>[\/vc_wp_text][\/vc_column][\/vc_row][vc_row][vc_column width=&#8221;1\/12&#8243;][\/vc_column][vc_column width=&#8221;1\/2&#8243;][vc_wp_text]<\/p>\n<h1 style=\"text-align: center\"><span style=\"font-size: 42px\"><span style=\"color: #00366c\">HYMN PRZEDSZKOLA <\/span><\/span><\/h1>\n<p>[\/vc_wp_text][vc_separator color=&#8221;custom&#8221; border_width=&#8221;4&#8243; el_width=&#8221;60&#8243; css=&#8221;.vc_custom_1654587725681{margin-top: -30px !important;}&#8221; accent_color=&#8221;#00366c&#8221;][vc_column_text]<\/p>\n<ol>\n<li style=\"text-align: center\"><strong> We Wroc\u0142awiu na ulicy Orlej<\/strong><\/li>\n<\/ol>\n<p style=\"text-align: center\"><strong>\u00a0\u00a0\u00a0\u00a0\u00a0\u00a0\u00a0\u00a0 Stoi w\u015br\u00f3d zieleni stary, wielki dom<\/strong><\/p>\n<p style=\"text-align: center\"><strong>\u00a0\u00a0\u00a0\u00a0\u00a0\u00a0\u00a0\u00a0 W \u015brodku mie\u015bci si\u0119 przedszkole moich marze\u0144<\/strong><\/p>\n<p style=\"text-align: center\"><strong>\u00a0\u00a0\u00a0\u00a0\u00a0\u00a0\u00a0\u00a0 A na imi\u0119 mu FANTAZJA, ka\u017cdy o tym wie!<\/strong><\/p>\n<p style=\"text-align: center\"><strong>Ref.<\/strong><\/p>\n<p style=\"text-align: center\"><strong>\u00a0\u00a0\u00a0\u00a0\u00a0\u00a0\u00a0\u00a0 Bo w Fantazji, w Fantazji jest weso\u0142o<\/strong><\/p>\n<p style=\"text-align: center\"><strong>\u00a0\u00a0\u00a0\u00a0\u00a0\u00a0\u00a0\u00a0 Bo w Fantazji wyobra\u017ania ro\u015bnie wko\u0142o<\/strong><\/p>\n<p style=\"text-align: center\"><strong>\u00a0\u00a0\u00a0\u00a0\u00a0\u00a0\u00a0\u00a0 Ch\u0119tnie tu przychodzi ka\u017cdy z nas<\/strong><\/p>\n<p style=\"text-align: center\"><strong>\u00a0\u00a0\u00a0\u00a0\u00a0\u00a0\u00a0\u00a0 Jest tu zabawa i szybko p\u0142ynie czas<\/strong><\/p>\n<p style=\"text-align: center\"><strong>\u00a0\u00a0\u00a0\u00a0\u00a0\u00a0\u00a0\u00a0 <\/strong><\/p>\n<ol style=\"text-align: center\" start=\"2\">\n<li><strong> Wewn\u0105trz s\u0105 sale t\u0119czowe, kolorowe<\/strong><\/li>\n<\/ol>\n<p style=\"text-align: center\"><strong>\u00a0\u00a0\u00a0\u00a0\u00a0\u00a0\u00a0\u00a0 Elf z Muminkiem i Minionkiem mieszka tu<\/strong><\/p>\n<p style=\"text-align: center\"><strong>\u00a0\u00a0\u00a0\u00a0\u00a0\u00a0\u00a0\u00a0 Spotkasz si\u0119 tutaj ze Smerfem i Gumisiem<\/strong><\/p>\n<p style=\"text-align: center\"><strong>\u00a0\u00a0\u00a0\u00a0\u00a0\u00a0\u00a0\u00a0 Razem z nimi jest rado\u015bnie,\u00a0 ka\u017cdy o tym wie.<\/strong><\/p>\n<p style=\"text-align: center\"><strong>Ref.<\/strong><\/p>\n<p style=\"text-align: center\"><strong>\u00a0\u00a0\u00a0\u00a0\u00a0\u00a0\u00a0\u00a0 Bo w Fantazji, w Fantazji jest weso\u0142o<\/strong><\/p>\n<p style=\"text-align: center\"><strong>\u00a0\u00a0\u00a0\u00a0\u00a0\u00a0\u00a0\u00a0 Bo w Fantazji wyobra\u017ania ro\u015bnie wko\u0142o<\/strong><\/p>\n<p style=\"text-align: center\"><strong>\u00a0\u00a0\u00a0\u00a0\u00a0\u00a0\u00a0\u00a0 Ch\u0119tnie tu przychodzi ka\u017cdy z nas<\/strong><\/p>\n<p style=\"text-align: center\"><strong>\u00a0\u00a0\u00a0\u00a0\u00a0\u00a0\u00a0\u00a0 Jest tu zabawa i szybko p\u0142ynie czas<\/strong><\/p>\n<p><strong>\u00a0<\/strong><\/p>\n<p style=\"text-align: right\"><strong>Tekst: \u00a0\u00a0Natalia Po\u015bpiech<\/strong><\/p>\n<p style=\"text-align: right\"><strong>Muzyka: Izabela Cioroch<\/strong><\/p>\n<p>[\/vc_column_text][vc_column_text][\/vc_column_text][vc_column_text]Hymny Przedszkola nr 28 &#8222;Fantazja&#8221; w wykonaniu Grupy Elfy<\/p>\n<audio class=\"wp-audio-shortcode\" id=\"audio-13-1\" preload=\"none\" style=\"width: 100%;\" controls=\"controls\"><source type=\"audio\/mpeg\" src=\"https:\/\/przedszkole28.edu.wroclaw.pl\/wp-content\/uploads\/sites\/60\/2022\/06\/Hymn-Przedszkola-nr-28.mp3?_=1\" \/><a href=\"https:\/\/przedszkole28.edu.wroclaw.pl\/wp-content\/uploads\/sites\/60\/2022\/06\/Hymn-Przedszkola-nr-28.mp3\">https:\/\/przedszkole28.edu.wroclaw.pl\/wp-content\/uploads\/sites\/60\/2022\/06\/Hymn-Przedszkola-nr-28.mp3<\/a><\/audio>\n<p>[\/vc_column_text][\/vc_column][vc_column width=&#8221;1\/3&#8243;][\/vc_column][\/vc_row]<\/p>\n<\/div>","protected":false},"excerpt":{"rendered":"<p>[vc_row css_animation=&#8221;zoomIn&#8221; css=&#8221;.vc_custom_1623318733447{margin-left: 40px !important;}&#8221;][vc_column width=&#8221;1\/5&#8243;][vc_icon icon_fontawesome=&#8221;fas fa-home&#8221; color=&#8221;custom&#8221; background_style=&#8221;rounded-outline&#8221; background_color=&#8221;custom&#8221; size=&#8221;xl&#8221; align=&#8221;center&#8221; custom_color=&#8221;#00366c&#8221; custom_background_color=&#8221;#00366c&#8221; link=&#8221;url:https%3A%2F%2Fprzedszkole28.edu.wroclaw.pl%2Findex.php%2Fo-przedszkolu%2F|title:O%20nas&#8221;][vc_column_text css=&#8221;.vc_custom_1686728970156{margin-top: -40px !important;}&#8221;] O nas [\/vc_column_text][\/vc_column][vc_column width=&#8221;1\/5&#8243;][vc_icon icon_fontawesome=&#8221;fas fa-utensils&#8221; color=&#8221;custom&#8221; background_style=&#8221;rounded-outline&#8221; background_color=&#8221;custom&#8221; size=&#8221;xl&#8221; align=&#8221;center&#8221; [&hellip;]<\/p>\n","protected":false},"author":7,"featured_media":0,"parent":0,"menu_order":0,"comment_status":"closed","ping_status":"closed","template":"","meta":{"footnotes":""},"class_list":["post-13","page","type-page","status-publish","hentry","clearfix"],"_links":{"self":[{"href":"https:\/\/przedszkole28.edu.wroclaw.pl\/index.php\/wp-json\/wp\/v2\/pages\/13","targetHints":{"allow":["GET"]}}],"collection":[{"href":"https:\/\/przedszkole28.edu.wroclaw.pl\/index.php\/wp-json\/wp\/v2\/pages"}],"about":[{"href":"https:\/\/przedszkole28.edu.wroclaw.pl\/index.php\/wp-json\/wp\/v2\/types\/page"}],"author":[{"embeddable":true,"href":"https:\/\/przedszkole28.edu.wroclaw.pl\/index.php\/wp-json\/wp\/v2\/users\/7"}],"replies":[{"embeddable":true,"href":"https:\/\/przedszkole28.edu.wroclaw.pl\/index.php\/wp-json\/wp\/v2\/comments?post=13"}],"version-history":[{"count":58,"href":"https:\/\/przedszkole28.edu.wroclaw.pl\/index.php\/wp-json\/wp\/v2\/pages\/13\/revisions"}],"predecessor-version":[{"id":6702,"href":"https:\/\/przedszkole28.edu.wroclaw.pl\/index.php\/wp-json\/wp\/v2\/pages\/13\/revisions\/6702"}],"wp:attachment":[{"href":"https:\/\/przedszkole28.edu.wroclaw.pl\/index.php\/wp-json\/wp\/v2\/media?parent=13"}],"curies":[{"name":"wp","href":"https:\/\/api.w.org\/{rel}","templated":true}]}}