
{"id":356,"date":"2021-06-02T09:34:22","date_gmt":"2021-06-02T07:34:22","guid":{"rendered":"https:\/\/przedszkole28.edu.wroclaw.pl\/?page_id=356"},"modified":"2025-09-02T22:08:53","modified_gmt":"2025-09-02T20:08:53","slug":"kadra","status":"publish","type":"page","link":"https:\/\/przedszkole28.edu.wroclaw.pl\/index.php\/kadra\/","title":{"rendered":"Kadra"},"content":{"rendered":"<div class=\"wpb-content-wrapper\"><p>[vc_row][vc_column][vc_column_text css=&#8221;&#8221;]<\/p>\n<h2><u>Kadra w roku szkolnym 2025\/2026<\/u><\/h2>\n<p><img loading=\"lazy\" decoding=\"async\" class=\"size-medium wp-image-360 alignleft\" src=\"https:\/\/przedszkole28.edu.wroclaw.pl\/wp-content\/uploads\/sites\/60\/2021\/06\/kadra-300x200.jpg\" alt=\"\" width=\"300\" height=\"200\" srcset=\"https:\/\/przedszkole28.edu.wroclaw.pl\/wp-content\/uploads\/sites\/60\/2021\/06\/kadra-300x200.jpg 300w, https:\/\/przedszkole28.edu.wroclaw.pl\/wp-content\/uploads\/sites\/60\/2021\/06\/kadra-768x511.jpg 768w, https:\/\/przedszkole28.edu.wroclaw.pl\/wp-content\/uploads\/sites\/60\/2021\/06\/kadra-600x399.jpg 600w, https:\/\/przedszkole28.edu.wroclaw.pl\/wp-content\/uploads\/sites\/60\/2021\/06\/kadra.jpg 849w\" sizes=\"auto, (max-width: 300px) 100vw, 300px\" \/><\/p>\n<p>Nasi nauczyciele to wykwalifikowana kadra pedagogiczna posiadaj\u0105ca wy\u017csze wykszta\u0142cenie pedagogiczne oraz stopie\u0144 nauczyciela kontraktowego, mianowanego lub dyplomowanego.<\/p>\n<p>Nauczyciele doskonal\u0105 sw\u00f3j warsztat pracy oraz umiej\u0119tno\u015bci poprzez uczestniczenie w r\u00f3\u017cnorodnych formach doskonalenia zawodowego jak r\u00f3wnie\u017c zdobywaj\u0105c dodatkowe kwalifikacje na studiach podyplomowych.<\/p>\n<p>Nauczyciele prowadz\u0105 prac\u0119 dydaktyczno-wychowawcz\u0105 i opieku\u0144cz\u0105 w powierzonej im grupie i odpowiadaj\u0105 za jako\u015b\u0107 swojej pracy oraz bezpiecze\u0144stwo dzieci.<\/p>\n<p>Za efektywn\u0105 prac\u0119 nauczyciele otrzymuj\u0105 liczne nagrody i wyr\u00f3\u017cnienia.<\/p>\n<p>Opiek\u0119 nad dzie\u0107mi podczas ich pobytu w przedszkolu wspomagaj\u0105 pozostali pracownicy plac\u00f3wki, w szczeg\u00f3lno\u015bci pomoc nauczyciela i panie wo\u017ane. Dzi\u0119ki kucharkom i intendentce dzieci mog\u0119 spo\u017cywa\u0107 zawsze \u015bwie\u017ce i zr\u00f3\u017cnicowane posi\u0142ki.<\/p>\n<p>Pan konserwator dba aby wszystko w naszym przedszkolu dzia\u0142a\u0142o i potrafi naprawi\u0107 ka\u017cd\u0105 usterk\u0119.<\/p>\n<p>Nauczyciele korzystaj\u0105 tak\u017ce z literatury o tematyce pedagogicznej zgromadzonej w naszej bibliotece, internetu, kt\u00f3re to stanowi\u0105 dla nich \u017ar\u00f3d\u0142o informacji o nowo\u015bciach, bie\u017c\u0105cych zmianach dotycz\u0105cych ich pracy. Ponadto kadra pedagogiczna wsp\u00f3\u0142pracuje ze specjalistami z Poradni Pedagogiczno\u2013 Psychologicznej nr 9.<\/p>\n<p>Wszystkie te dzia\u0142ania prowadzone przez nauczycieli s\u0142u\u017c\u0105 podnoszeniu jako\u015bci pracy przedszkola oraz wzbogaceniu ich warsztatu pracy, a tym samym uatrakcyjnieniu pobytu dzieci w przedszkolu.<\/p>\n<p>[\/vc_column_text][\/vc_column][\/vc_row]<\/p>\n<\/div>","protected":false},"excerpt":{"rendered":"<p>[vc_row][vc_column][vc_column_text css=&#8221;&#8221;] Kadra w roku szkolnym 2025\/2026 Nasi nauczyciele to wykwalifikowana kadra pedagogiczna posiadaj\u0105ca wy\u017csze wykszta\u0142cenie pedagogiczne oraz stopie\u0144 nauczyciela kontraktowego, mianowanego lub dyplomowanego. Nauczyciele doskonal\u0105 sw\u00f3j warsztat pracy oraz [&hellip;]<\/p>\n","protected":false},"author":7,"featured_media":0,"parent":0,"menu_order":0,"comment_status":"closed","ping_status":"closed","template":"","meta":{"footnotes":""},"class_list":["post-356","page","type-page","status-publish","hentry","clearfix"],"_links":{"self":[{"href":"https:\/\/przedszkole28.edu.wroclaw.pl\/index.php\/wp-json\/wp\/v2\/pages\/356","targetHints":{"allow":["GET"]}}],"collection":[{"href":"https:\/\/przedszkole28.edu.wroclaw.pl\/index.php\/wp-json\/wp\/v2\/pages"}],"about":[{"href":"https:\/\/przedszkole28.edu.wroclaw.pl\/index.php\/wp-json\/wp\/v2\/types\/page"}],"author":[{"embeddable":true,"href":"https:\/\/przedszkole28.edu.wroclaw.pl\/index.php\/wp-json\/wp\/v2\/users\/7"}],"replies":[{"embeddable":true,"href":"https:\/\/przedszkole28.edu.wroclaw.pl\/index.php\/wp-json\/wp\/v2\/comments?post=356"}],"version-history":[{"count":10,"href":"https:\/\/przedszkole28.edu.wroclaw.pl\/index.php\/wp-json\/wp\/v2\/pages\/356\/revisions"}],"predecessor-version":[{"id":6507,"href":"https:\/\/przedszkole28.edu.wroclaw.pl\/index.php\/wp-json\/wp\/v2\/pages\/356\/revisions\/6507"}],"wp:attachment":[{"href":"https:\/\/przedszkole28.edu.wroclaw.pl\/index.php\/wp-json\/wp\/v2\/media?parent=356"}],"curies":[{"name":"wp","href":"https:\/\/api.w.org\/{rel}","templated":true}]}}