
{"id":372,"date":"2021-06-02T11:55:36","date_gmt":"2021-06-02T09:55:36","guid":{"rendered":"https:\/\/przedszkole28.edu.wroclaw.pl\/?page_id=372"},"modified":"2025-09-02T22:15:54","modified_gmt":"2025-09-02T20:15:54","slug":"o-przedszkolu","status":"publish","type":"page","link":"https:\/\/przedszkole28.edu.wroclaw.pl\/index.php\/o-przedszkolu\/","title":{"rendered":"O nas"},"content":{"rendered":"<div class=\"wpb-content-wrapper\"><p>[vc_row][vc_column][vc_column_text css=&#8221;&#8221;]Przedszkole jest 8-oddzia\u0142owe z codziennym pobytem. Czynne w godzinach 7.00- 17.00 .W jednej grupie zapisanych jest maksymalnie do 25 dzieci.\u00a0 Nadaj\u0105c nazwy grupom,\u00a0 inspirowali\u015bmy si\u0119 bajkowymi postaciami. I tak w naszym przedszkolu s\u0105 : Smoki, \u015awietliki, Le\u015bne duszki, Skrzaty, Muminki, Smerfy, Elfy i Minionki.\u00a0 \u00a0Opr\u00f3cz sal do zaj\u0119\u0107, dzieci maja do dyspozycji: hol wyposa\u017cony w sprz\u0119t do zabaw, hol do zaj\u0119\u0107 gimnastycznych, koncert\u00f3w i uroczysto\u015bci,\u00a0 jadalni\u0119 \/dla dzieci z II pi\u0119tra\/, estetyczne toalety oraz przestronn\u0105 szatni\u0119. Przedszkole posiada w\u0142asn\u0105 kuchni\u0119, w kt\u00f3rej przygotowywane s\u0105 zr\u00f3\u017cnicowane posi\u0142ki. W roku 2021 uzyskali\u015bmy <strong>Certyfikat zdrowego i racjonalnego \u017cywienia<\/strong>.\u00a0 Przedszkole nie ma wydzielonej sypialni, wszystkie dzieci odpoczywaj\u0105 w dowolnej cz\u0119\u015bci dnia w miejscu do tego przeznaczonym, sale trzylatk\u00f3w wyposa\u017cone s\u0105 w le\u017caczki.<\/p>\n<p>W naszym przedszkolu dzieci maj\u0105 by\u0107 bezpieczne i czu\u0107 si\u0119 swobodnie.<\/p>\n<p>W zwi\u0105zku z tym:<\/p>\n<ul>\n<li>Prosimy, aby podczas pobytu w przedszkolu dziecko mia\u0142o wygodny str\u00f3j do samodzielnego ubierania si\u0119 i rozbierania (bez zb\u0119dnych pask\u00f3w, nadmiernych ozd\u00f3b \u2013 wa\u017cniejsza wygoda od elegancji), lu\u017ane spodnie lub sp\u00f3dnica z gumk\u0105, bluza dresowa lub lekki sweterek, czyli ubi\u00f3r \u201ena cebulk\u0119\u201d.<\/li>\n<li>Z uwagi na bezpiecze\u0144stwo swoje i innych dzieci prosimy nie zak\u0142ada\u0107 dzieciom wszelkiego rodzaju bi\u017cuterii: pier\u015bcionk\u00f3w, bransoletek, \u0142a\u0144cuszk\u00f3w, d\u0142ugich kolczyk\u00f3w \u2013 wyj\u0105tek stanowi\u0105 spinki i gumki do w\u0142os\u00f3w \u2013 ochrona oczu<\/li>\n<\/ul>\n<p>[\/vc_column_text][\/vc_column][\/vc_row]<\/p>\n<\/div>","protected":false},"excerpt":{"rendered":"<p>[vc_row][vc_column][vc_column_text css=&#8221;&#8221;]Przedszkole jest 8-oddzia\u0142owe z codziennym pobytem. Czynne w godzinach 7.00- 17.00 .W jednej grupie zapisanych jest maksymalnie do 25 dzieci.\u00a0 Nadaj\u0105c nazwy grupom,\u00a0 inspirowali\u015bmy si\u0119 bajkowymi postaciami. I tak [&hellip;]<\/p>\n","protected":false},"author":7,"featured_media":0,"parent":0,"menu_order":0,"comment_status":"closed","ping_status":"closed","template":"","meta":{"footnotes":""},"class_list":["post-372","page","type-page","status-publish","hentry","clearfix"],"_links":{"self":[{"href":"https:\/\/przedszkole28.edu.wroclaw.pl\/index.php\/wp-json\/wp\/v2\/pages\/372","targetHints":{"allow":["GET"]}}],"collection":[{"href":"https:\/\/przedszkole28.edu.wroclaw.pl\/index.php\/wp-json\/wp\/v2\/pages"}],"about":[{"href":"https:\/\/przedszkole28.edu.wroclaw.pl\/index.php\/wp-json\/wp\/v2\/types\/page"}],"author":[{"embeddable":true,"href":"https:\/\/przedszkole28.edu.wroclaw.pl\/index.php\/wp-json\/wp\/v2\/users\/7"}],"replies":[{"embeddable":true,"href":"https:\/\/przedszkole28.edu.wroclaw.pl\/index.php\/wp-json\/wp\/v2\/comments?post=372"}],"version-history":[{"count":10,"href":"https:\/\/przedszkole28.edu.wroclaw.pl\/index.php\/wp-json\/wp\/v2\/pages\/372\/revisions"}],"predecessor-version":[{"id":6510,"href":"https:\/\/przedszkole28.edu.wroclaw.pl\/index.php\/wp-json\/wp\/v2\/pages\/372\/revisions\/6510"}],"wp:attachment":[{"href":"https:\/\/przedszkole28.edu.wroclaw.pl\/index.php\/wp-json\/wp\/v2\/media?parent=372"}],"curies":[{"name":"wp","href":"https:\/\/api.w.org\/{rel}","templated":true}]}}