
{"id":71,"date":"2021-04-28T14:28:23","date_gmt":"2021-04-28T12:28:23","guid":{"rendered":"https:\/\/przedszkole28.edu.wroclaw.pl\/?page_id=71"},"modified":"2025-09-17T22:33:00","modified_gmt":"2025-09-17T20:33:00","slug":"rada-rodzicow","status":"publish","type":"page","link":"https:\/\/przedszkole28.edu.wroclaw.pl\/index.php\/rada-rodzicow\/","title":{"rendered":"Rada rodzic\u00f3w 2025\/2026"},"content":{"rendered":"<div class=\"wpb-content-wrapper\"><p>[vc_row][vc_column][vc_column_text css=&#8221;&#8221;]<\/p>\n<header class=\"page-header\"><\/header>\n<div class=\"pe-article-content\">\n<div>\n<p><span style=\"font-size: 32px\"><strong style=\"color: #ff0000\">Przerwa wakacyjna w roku szkolnym 2025\/2026 planowana<\/strong><\/span><\/p>\n<\/div>\n<\/div>\n<div class=\"pe-article-content\">\n<div>\n<div>\n<header class=\"page-header\">\n<h1><span style=\"color: #ff0000;font-size: 32px\"><strong>jest w miesi\u0105cu sierpniu 2026r.<\/strong><\/span><\/h1>\n<\/header>\n<\/div>\n<\/div>\n<\/div>\n<p>&nbsp;<\/p>\n<p><a href=\"https:\/\/przedszkole28.edu.wroclaw.pl\/wp-content\/uploads\/sites\/60\/2025\/09\/Regulamin-Rady-Rodzicow.pdf\">Regulamin Rady Rodzic\u00f3w<\/a><\/p>\n<p>&nbsp;<\/p>\n<div class=\"pe-article-content\">\n<div>\n<header class=\"page-header\">\n<h1 class=\"entry-title\"><span style=\"color: #0000ff\">Ubezpieczenie na rok szkolny 2025\/26 \u2013 informacja Rady Rodzic\u00f3w<\/span><\/h1>\n<\/header>\n<div class=\"pe-article-content\">\n<div>Poni\u017cej informacja dotycz\u0105ca ubezpieczenia:<\/div>\n<div>\n<div>\n<div><span style=\"color: #006600;font-family: georgia, palatino;font-size: 16px\">Szanowni Pa\u0144stwo,<\/span><\/div>\n<div><\/div>\n<div><span style=\"font-family: georgia, palatino;font-size: 16px\"><span style=\"color: #006600\">Z przyjemno\u015bci\u0105 informujemy, o wyborze naszej oferty ubezpieczenia COMPENSA O\u015bwiata\u00a0<\/span><span style=\"color: #006600\">na\u00a0rok\u00a0szkolny\u00a0<\/span><span style=\"color: #006600\"><b>2025\/2026\u00a0<\/b><\/span><span style=\"color: #006600\">dla dzieci Przedszkola nr 28.<\/span><\/span><\/div>\n<div><\/div>\n<div><span style=\"font-family: georgia, palatino;font-size: 16px\"><b><i>Ochrona ubezpieczeniowa obowi\u0105zuje od 01.09.2025 roku\u00a0 do 31.08.2026 roku, na 356 dni, o<\/i><\/b>ferta sk\u0142ada si\u0119 z 3 wariant\u00f3w do wyboru.<\/span><\/div>\n<div><span style=\"color: #ff420e;font-family: georgia, palatino;font-size: 16px\"><b>ZNI\u017bKA 50% DLA DRUGIEGO I KOLEJNEGO DZIECKA<\/b><\/span><\/div>\n<div><span style=\"font-family: georgia, palatino;font-size: 16px\"><i>Aby ta zni\u017cka zosta\u0142a naliczona trzeba wskaza\u0107 liczb\u0119 ubezpieczanych dzieci przed wpisaniem ich danych. Zni\u017cka naliczana jest w przypadku wyboru tego samego wariantu dla dzieci. W przypadku wyboru r\u00f3\u017cnych wariant\u00f3w system zni\u017cki nie naliczy.<\/i><\/span><\/div>\n<div><span style=\"font-family: georgia, palatino;font-size: 16px\">Ze wzgl\u0119du na to, \u017ce program przygotowany jest dla dzieci z przedszkola osoby maj\u0105ce dzieci w r\u00f3\u017cnych plac\u00f3wkach (w r\u00f3\u017cnym wieku) proszone s\u0105 o kontakt z opiekunem programu kt\u00f3ry przedstawi inne warunki na kt\u00f3rych b\u0119dzie mo\u017cna z takiej zni\u017cki skorzysta\u0107.<\/span><\/div>\n<div><span style=\"color: #ff420e;font-family: georgia, palatino;font-size: 16px\">ABY DOKONA\u0106 ZAKUPU POLISY DLA DZIECKA NALE\u017bY KLIKN\u0104\u0106 W LINK:<\/span><\/div>\n<div><span style=\"font-family: georgia, palatino;font-size: 16px\"><span style=\"color: #172779\"><b>Link<\/b><\/span><span style=\"color: #172779\"><b>\u00a0<\/b><\/span><span style=\"color: #172779\"><b>z<\/b><\/span><span style=\"color: #172779\"><b>\u00a0<\/b><\/span><span style=\"color: #172779\"><b>ofert\u0105<\/b><\/span><span style=\"color: #172779\"><b>\u00a0<\/b><\/span><span style=\"color: #172779\"><b>online:\u00a0<\/b><\/span><a href=\"https:\/\/szkola.compensa.pl\/399926U\" target=\"_blank\" rel=\"noopener noreferrer\"><span style=\"color: navy\"><span style=\"color: #1155cc\"><b>https:\/\/szkola.compensa.pl\/399926U<\/b><\/span><\/span><\/a><b><\/b><\/span><\/div>\n<div><\/div>\n<div><span style=\"color: black;font-family: Times New Roman,serif;font-size: medium\"><i>LINKI s\u0105 wa\u017cne do 31.10.2025r. Po tym terminie nie b\u0119dzie mo\u017cliwo\u015bci przyst\u0105pienia do tego programu.<\/i><\/span><\/div>\n<div><span style=\"color: black\">\u00a0<\/span><\/div>\n<div><span style=\"font-family: georgia, palatino;font-size: 16px\"><span style=\"color: #336600\">Ka\u017cdy<\/span><span style=\"color: #336600\">\u00a0R<\/span><span style=\"color: #336600\">odzic<\/span><span style=\"color: #336600\">\u00a0<\/span><span style=\"color: #336600\">dokonuje<\/span><span style=\"color: #336600\">\u00a0<\/span><span style=\"color: #336600\">zakupu<\/span><span style=\"color: #336600\">\u00a0<\/span><span style=\"color: #336600\">ubezpieczenia<\/span><span style=\"color: #336600\">\u00a0<\/span><span style=\"color: #336600\">SAMODZIELNIE PRZEZ INTERNET\u00a0<\/span><span style=\"color: #172779\"><b>Link<\/b><\/span><span style=\"color: #172779\"><b>\u00a0<\/b><\/span><span style=\"color: #172779\"><b>z<\/b><\/span><span style=\"color: #172779\"><b>\u00a0<\/b><\/span><span style=\"color: #172779\"><b>ofert\u0105<\/b><\/span><span style=\"color: #172779\"><b>\u00a0<\/b><\/span><span style=\"color: #172779\"><b>online:<\/b><\/span><a href=\"https:\/\/szkola.compensa.pl\/399926U\" target=\"_blank\" rel=\"noopener noreferrer\"><span style=\"color: navy\"><span style=\"color: #1155cc\"><b>https:\/\/szkola.compensa.pl\/399926U<\/b><\/span><\/span><\/a><span style=\"color: #172779\"><b>\u00a0<\/b><\/span><span style=\"color: #336600\">Zapewniamy<\/span><span style=\"color: #336600\">\u00a0<\/span><span style=\"color: #336600\">kompleksow\u0105<\/span><span style=\"color: #336600\">\u00a0<\/span><span style=\"color: #336600\">ochron\u0119<\/span><span style=\"color: #336600\">\u00a0<\/span><span style=\"color: #336600\"><b>24\/7<\/b><\/span><span style=\"color: #336600\">\u00a0<\/span><span style=\"color: #336600\">w<\/span><span style=\"color: #336600\">\u00a0<\/span><span style=\"color: #336600\">szkole,<\/span><span style=\"color: #336600\">\u00a0<\/span><span style=\"color: #336600\">w<\/span><span style=\"color: #336600\">\u00a0<\/span><span style=\"color: #336600\">domu,<\/span><span style=\"color: #336600\">\u00a0<\/span><span style=\"color: #336600\">na<\/span><span style=\"color: #336600\">\u00a0<\/span><span style=\"color: #336600\">zaj\u0119ciach\u00a0<\/span><span style=\"color: #336600\">\u00a0<\/span><span style=\"color: #336600\">pozalekcyjnych,<\/span><span style=\"color: #336600\">\u00a0<\/span><span style=\"color: #336600\">podczas<\/span><span style=\"color: #336600\">\u00a0<\/span><span style=\"color: #336600\">wakacji,<\/span><span style=\"color: #336600\">\u00a0<\/span><span style=\"color: #336600\">ferii oraz<\/span><span style=\"color: #336600\">\u00a0<\/span><span style=\"color: #336600\">wyjazd\u00f3w.<\/span><\/span><\/div>\n<div><\/div>\n<div><span style=\"font-family: georgia, palatino;font-size: 16px\"><b>Najlepsz\u0105 i najszybsz\u0105 form\u0105 zg\u0142oszenia szkody jest wype\u0142nienie formularza:<\/b><\/span><\/div>\n<div><span style=\"font-family: georgia, palatino;font-size: 16px\"><a href=\"https:\/\/zgloszenie.compensa.pl\/osoba\/nnw\/dane-polisy\" target=\"_blank\" rel=\"noopener noreferrer\"><b>https:\/\/zgloszenie.compensa.pl\/osoba\/nnw\/dane-polisy<\/b><\/a><\/span><\/div>\n<div><span style=\"font-family: georgia, palatino;font-size: 16px\"><b>Mo\u017cna tez to zrobi\u0107 telefonicznie \u2013 dzwoni\u0105c na numer: 22 501 016 100 lub<\/b><\/span><\/div>\n<div><span style=\"font-family: georgia, palatino;font-size: 16px\"><b>listownie \u2013 wysy\u0142aj\u0105c niezb\u0119dne dokumenty na adres:<\/b><\/span><\/div>\n<div><span style=\"font-family: georgia, palatino;font-size: 16px\"><b>Compensa Towarzystwo Ubezpiecze\u0144 S.A. VIG<\/b><\/span><\/div>\n<div><span style=\"font-family: georgia, palatino;font-size: 16px\"><b>Al. Jerozolimskie 162<\/b><\/span><\/div>\n<div><span style=\"font-family: georgia, palatino;font-size: 16px\"><b>02-342 Warszawa<\/b><\/span><\/div>\n<div><\/div>\n<div><span style=\"font-family: georgia, palatino;font-size: 16px\">Jako opiekun programu w Przedszkolu nr 28 s\u0142u\u017c\u0119 wszelk\u0105 pomoc\u0105. S\u0142u\u017cymy te\u017c pomoc\u0105 przy innych tematach ubezpieczeniowych.\u00a0<\/span><\/div>\n<div><span style=\"font-family: georgia, palatino;font-size: 16px\">W razie potrzeby zach\u0119cam do osobistego kontaktu.<\/span><\/div>\n<div><span style=\"font-family: georgia, palatino;font-size: 16px\">Beata Szandruk tel. 601 422 549, b.szandruk@\u00a0<a href=\"http:\/\/akme-ubezpieczenia.pl\/\" target=\"_blank\" rel=\"noopener noreferrer\">akme-ubezpieczenia.pl<\/a><\/span><\/div>\n<div><\/div>\n<div><span style=\"font-family: georgia, palatino;font-size: 16px\">W przypadku problemu z kontaktem pomoc\u0105 s\u0142u\u017cy r\u00f3wnie\u017c Pa\u0144stwu koordynator programu NNW w Biurze ubezpiecze\u0144 Akme pan Artur Weso\u0142owski\u00a0<\/span><\/div>\n<div><span style=\"font-family: georgia, palatino;font-size: 16px\">tel. 600 991 436,\u00a0<a href=\"mailto:a.wesolowski@akme-ubezpieczenia.pl\" target=\"_blank\" rel=\"noopener noreferrer\">a.wesolowski@akme-ubezpieczenia.pl<\/a><\/span><\/div>\n<\/div>\n<div><\/div>\n<\/div>\n<div>\n<div><\/div>\n<div>\n<div dir=\"ltr\">\n<div class=\"x_gmail_quote\">\n<div dir=\"ltr\">\n<p>&nbsp;<\/p>\n<p><span style=\"color: #0000ff;font-size: 24px\">Sk\u0142adka na Rad\u0119 Rodzic\u00f3w w roku szkolnym 2025\/2026<\/span><\/p>\n<\/div>\n<\/div>\n<\/div>\n<\/div>\n<\/div>\n<\/div>\n<div class=\"addthis_sharing_toolbox\">\n<div class=\"pe-article-content\">\n<p>Informacja b\u0119dzie podana do wiadomo\u015bci po wyborze tr\u00f3jek grupowych i zebraniu Rady Rodzic\u00f3w przedszkola<\/p>\n<p>&nbsp;<\/p>\n<p>&nbsp;<\/p>\n<p>&nbsp;<\/p>\n<\/div>\n<\/div>\n<div class=\"pe-author-info clearfix\">\n<h3 class=\"pe-title\">ABOUT AUTHOR<\/h3>\n<\/div>\n<\/div>\n<div>\n<div dir=\"ltr\">\n<div class=\"x_gmail_quote\">\n<div dir=\"ltr\">\n<p>&nbsp;<\/p>\n<\/div>\n<\/div>\n<\/div>\n<\/div>\n<\/div>\n<p>[\/vc_column_text][\/vc_column][\/vc_row]<\/p>\n<\/div>","protected":false},"excerpt":{"rendered":"<p>[vc_row][vc_column][vc_column_text css=&#8221;&#8221;] Przerwa wakacyjna w roku szkolnym 2025\/2026 planowana jest w miesi\u0105cu sierpniu 2026r. &nbsp; Regulamin Rady Rodzic\u00f3w &nbsp; Ubezpieczenie na rok szkolny 2025\/26 \u2013 informacja Rady Rodzic\u00f3w Poni\u017cej informacja [&hellip;]<\/p>\n","protected":false},"author":7,"featured_media":0,"parent":0,"menu_order":0,"comment_status":"closed","ping_status":"closed","template":"","meta":{"footnotes":""},"class_list":["post-71","page","type-page","status-publish","hentry","clearfix"],"_links":{"self":[{"href":"https:\/\/przedszkole28.edu.wroclaw.pl\/index.php\/wp-json\/wp\/v2\/pages\/71","targetHints":{"allow":["GET"]}}],"collection":[{"href":"https:\/\/przedszkole28.edu.wroclaw.pl\/index.php\/wp-json\/wp\/v2\/pages"}],"about":[{"href":"https:\/\/przedszkole28.edu.wroclaw.pl\/index.php\/wp-json\/wp\/v2\/types\/page"}],"author":[{"embeddable":true,"href":"https:\/\/przedszkole28.edu.wroclaw.pl\/index.php\/wp-json\/wp\/v2\/users\/7"}],"replies":[{"embeddable":true,"href":"https:\/\/przedszkole28.edu.wroclaw.pl\/index.php\/wp-json\/wp\/v2\/comments?post=71"}],"version-history":[{"count":43,"href":"https:\/\/przedszkole28.edu.wroclaw.pl\/index.php\/wp-json\/wp\/v2\/pages\/71\/revisions"}],"predecessor-version":[{"id":6520,"href":"https:\/\/przedszkole28.edu.wroclaw.pl\/index.php\/wp-json\/wp\/v2\/pages\/71\/revisions\/6520"}],"wp:attachment":[{"href":"https:\/\/przedszkole28.edu.wroclaw.pl\/index.php\/wp-json\/wp\/v2\/media?parent=71"}],"curies":[{"name":"wp","href":"https:\/\/api.w.org\/{rel}","templated":true}]}}