
{"id":77,"date":"2021-04-28T14:30:21","date_gmt":"2021-04-28T12:30:21","guid":{"rendered":"https:\/\/przedszkole28.edu.wroclaw.pl\/?page_id=77"},"modified":"2025-12-02T23:26:45","modified_gmt":"2025-12-02T22:26:45","slug":"sukcesy-przedszkolakow","status":"publish","type":"page","link":"https:\/\/przedszkole28.edu.wroclaw.pl\/index.php\/sukcesy-przedszkolakow\/","title":{"rendered":"Sukcesy przedszkolak\u00f3w"},"content":{"rendered":"<div class=\"wpb-content-wrapper\"><p>[vc_row][vc_column][vc_column_text]\u00a0\u00a0\u00a0\u00a0\u00a0\u00a0\u00a0\u00a0\u00a0\u00a0\u00a0\u00a0\u00a0\u00a0\u00a0\u00a0 Przedszkole Nr 28 &#8222;Fantazja&#8221; bierze udzia\u0142 w licznych konkursach, przegl\u0105dach, akcjach organizowanych przez r\u00f3\u017cne jednostki i instytucje miejskie, krajowe, a nawet zagraniczne. Potwierdzeniem udzia\u0142u s\u0105 dyplomy i nagrody, kt\u00f3re b\u0119d\u0105\u00a0 systematycznie zamieszczane w tej zak\u0142adce.<\/p>\n<p>[\/vc_column_text][\/vc_column][\/vc_row][vc_row css=&#8221;.vc_custom_1622644635657{margin-left: 5% !important;}&#8221;][vc_column][vc_gallery type=&#8221;image_grid&#8221; images=&#8221;6446,6401,6395,230,231,232,233,234,241,240,239,238,237,236,235,242,243,244,245,5258,5398,5399,6093,6092,6091,5401,5400,6990&#8243; img_size=&#8221;250&#215;250&#8243; css_animation=&#8221;fadeIn&#8221; css=&#8221;&#8221;][\/vc_column][\/vc_row]<\/p>\n<\/div>","protected":false},"excerpt":{"rendered":"<p>[vc_row][vc_column][vc_column_text]\u00a0\u00a0\u00a0\u00a0\u00a0\u00a0\u00a0\u00a0\u00a0\u00a0\u00a0\u00a0\u00a0\u00a0\u00a0\u00a0 Przedszkole Nr 28 &#8222;Fantazja&#8221; bierze udzia\u0142 w licznych konkursach, przegl\u0105dach, akcjach organizowanych przez r\u00f3\u017cne jednostki i instytucje miejskie, krajowe, a nawet zagraniczne. Potwierdzeniem udzia\u0142u s\u0105 dyplomy i nagrody, kt\u00f3re [&hellip;]<\/p>\n","protected":false},"author":7,"featured_media":0,"parent":0,"menu_order":0,"comment_status":"closed","ping_status":"closed","template":"","meta":{"footnotes":""},"class_list":["post-77","page","type-page","status-publish","hentry","clearfix"],"_links":{"self":[{"href":"https:\/\/przedszkole28.edu.wroclaw.pl\/index.php\/wp-json\/wp\/v2\/pages\/77","targetHints":{"allow":["GET"]}}],"collection":[{"href":"https:\/\/przedszkole28.edu.wroclaw.pl\/index.php\/wp-json\/wp\/v2\/pages"}],"about":[{"href":"https:\/\/przedszkole28.edu.wroclaw.pl\/index.php\/wp-json\/wp\/v2\/types\/page"}],"author":[{"embeddable":true,"href":"https:\/\/przedszkole28.edu.wroclaw.pl\/index.php\/wp-json\/wp\/v2\/users\/7"}],"replies":[{"embeddable":true,"href":"https:\/\/przedszkole28.edu.wroclaw.pl\/index.php\/wp-json\/wp\/v2\/comments?post=77"}],"version-history":[{"count":31,"href":"https:\/\/przedszkole28.edu.wroclaw.pl\/index.php\/wp-json\/wp\/v2\/pages\/77\/revisions"}],"predecessor-version":[{"id":6992,"href":"https:\/\/przedszkole28.edu.wroclaw.pl\/index.php\/wp-json\/wp\/v2\/pages\/77\/revisions\/6992"}],"wp:attachment":[{"href":"https:\/\/przedszkole28.edu.wroclaw.pl\/index.php\/wp-json\/wp\/v2\/media?parent=77"}],"curies":[{"name":"wp","href":"https:\/\/api.w.org\/{rel}","templated":true}]}}