
{"id":89,"date":"2021-04-28T14:49:11","date_gmt":"2021-04-28T12:49:11","guid":{"rendered":"https:\/\/przedszkole28.edu.wroclaw.pl\/?page_id=89"},"modified":"2025-10-06T22:38:34","modified_gmt":"2025-10-06T20:38:34","slug":"kontakt","status":"publish","type":"page","link":"https:\/\/przedszkole28.edu.wroclaw.pl\/index.php\/kontakt\/","title":{"rendered":"Kontakt"},"content":{"rendered":"<div class=\"wpb-content-wrapper\"><p>[vc_row][vc_column][vc_raw_html]JTNDaWZyYW1lJTIwc3JjJTNEJTIyaHR0cHMlM0ElMkYlMkZ3d3cuZ29vZ2xlLmNvbSUyRm1hcHMlMkZlbWJlZCUzRnBiJTNEJTIxMW0xOCUyMTFtMTIlMjExbTMlMjExZDI1MDYuNDkwNjk3NzQ2MzU4JTIxMmQxNy4wMDQ3NjM3MTUwNzgzNzIlMjEzZDUxLjA4MDk1MTA3OTU2NzM1JTIxMm0zJTIxMWYwJTIxMmYwJTIxM2YwJTIxM20yJTIxMWkxMDI0JTIxMmk3NjglMjE0ZjEzLjElMjEzbTMlMjExbTIlMjExczB4NDcwZmMyMzdjYjlmZjA0YiUyNTNBMHgxMmI1Y2MwMjEyZmEwZmUyJTIxMnNQcnplZHN6a29sZSUyNTIwbnIlMjUyMDI4LiUyNTIwRmFudGF6amElMjE1ZTAlMjEzbTIlMjExc3BsJTIxMnNwbCUyMTR2MTYyMDM3ODAyNDQ3MSUyMTVtMiUyMTFzcGwlMjEyc3BsJTIyJTIwd2lkdGglM0QlMjIxMDAlMjUlMjIlMjBoZWlnaHQlM0QlMjI1MDAlMjIlMjBmcmFtZWJvcmRlciUzRCUyMjAlMjIlMjBzdHlsZSUzRCUyMmJvcmRlciUzQTAlM0IlMjIlMjBhbGxvd2Z1bGxzY3JlZW4lM0QlMjIlMjIlMjBhcmlhLWhpZGRlbiUzRCUyMmZhbHNlJTIyJTIwdGFiaW5kZXglM0QlMjIwJTIyJTNFJTNDJTJGaWZyYW1lJTNF[\/vc_raw_html][\/vc_column][\/vc_row][vc_row][vc_column][\/vc_column][\/vc_row][vc_row][vc_column width=&#8221;1\/2&#8243;][vc_empty_space height=&#8221;180px&#8221;][vc_column_text css=&#8221;&#8221;]<img loading=\"lazy\" decoding=\"async\" class=\"alignnone size-medium wp-image-6703\" src=\"https:\/\/przedszkole28.edu.wroclaw.pl\/wp-content\/uploads\/sites\/60\/2025\/10\/fantazja-21-300x200.jpg\" alt=\"\" width=\"300\" height=\"200\" srcset=\"https:\/\/przedszkole28.edu.wroclaw.pl\/wp-content\/uploads\/sites\/60\/2025\/10\/fantazja-21-300x200.jpg 300w, https:\/\/przedszkole28.edu.wroclaw.pl\/wp-content\/uploads\/sites\/60\/2025\/10\/fantazja-21-1024x682.jpg 1024w, https:\/\/przedszkole28.edu.wroclaw.pl\/wp-content\/uploads\/sites\/60\/2025\/10\/fantazja-21-768x511.jpg 768w, https:\/\/przedszkole28.edu.wroclaw.pl\/wp-content\/uploads\/sites\/60\/2025\/10\/fantazja-21-1536x1023.jpg 1536w, https:\/\/przedszkole28.edu.wroclaw.pl\/wp-content\/uploads\/sites\/60\/2025\/10\/fantazja-21-2048x1364.jpg 2048w\" sizes=\"auto, (max-width: 300px) 100vw, 300px\" \/>[\/vc_column_text][\/vc_column][vc_column width=&#8221;1\/2&#8243;][vc_column_text]<\/p>\n<h1 style=\"text-align: center\"><span style=\"font-size: 42pt;color: #3176af\">Przedszkole nr 28 &#8222;Fantazja&#8221;<br \/>\n<\/span><\/h1>\n<p>[\/vc_column_text][vc_column_text]Adres:<\/p>\n<p style=\"padding-left: 15px\">ul. Orla 5-7<br \/>\n53-143 Wroc\u0142aw<\/p>\n<p>[\/vc_column_text][vc_column_text css=&#8221;&#8221;]Telefon:<\/p>\n<p style=\"padding-left: 15px\"><span id=\"contact_DFText_2-school_address\" class=\"skgd skgdli-contact_ListItem_1-contact_DFText_2\" data-sgid=\"contact_DFText_2-school_address\"><span id=\"contact_DFText_2-school_phone\" class=\"skgd skgdli-contact_ListItem_1-contact_DFText_2\" data-sgid=\"contact_DFText_2-school_phone\">71 798 67 81<br \/>\ndyrektor wew. 102<br \/>\nwicedyrektor wew. 100<br \/>\nintendent wew. 113<\/span><br \/>\n<\/span><\/p>\n<p>&nbsp;<\/p>\n<p>Grupa I Smoki (sala t\u0119czowa) wew. 201<\/p>\n<p>Grupa II \u015awietliki (sala czerwona) wew. 202<\/p>\n<p>Grupa III Skrzaty (sala \u017c\u00f3\u0142ta) wew. 203<\/p>\n<p>Grupa IV Le\u015bne duszki (sala r\u00f3\u017cowa) wew. 205<\/p>\n<p>Grupa V Smerfy (sala niebieska) wew. 206<\/p>\n<p>Grupa VI Muminki (sala fioletowa) wew. 207<\/p>\n<p>Grupa VII Elfy ( sala pomara\u0144czowa) wew. 208<\/p>\n<p>Grupa VIII Minionki (sala zielona) wew. 209[\/vc_column_text][vc_column_text css=&#8221;&#8221;]<\/p>\n<p style=\"padding-left: 15px\"><span id=\"contact_DFText_2-school_email\" class=\"skgd skgdli-contact_ListItem_1-contact_DFText_2\" data-sgid=\"contact_DFText_2-school_email\">sekretariat.p028@wroclawskaedukacja.pl<\/span><\/p>\n<ul id=\"contact_BoxV_1-customField2\" class=\"skgd skgdli-contact_ListItem_1-contact_BoxV_1 composite\" data-sgid=\"contact_BoxV_1-customField2\">\n<li class=\"compositeInner\"><span id=\"contact_DFText_1-customField2\" class=\"skgd skgdli-contact_ListItem_1-contact_DFText_1\" data-sgid=\"contact_DFText_1-customField2\">K<\/span><span id=\"contact_DFText_2-customField2\" class=\"skgd skgdli-contact_ListItem_1-contact_DFText_2\" data-sgid=\"contact_DFText_2-customField2\">ontakt poprzez ePUAP: Przedszkole28WR<\/span><\/li>\n<li>Adres do e-Dor\u0119cze\u0144: AE:PL-38294-69020-GRFBJ-22<\/li>\n<\/ul>\n<p>[\/vc_column_text][\/vc_column][\/vc_row]<\/p>\n<\/div>","protected":false},"excerpt":{"rendered":"<p>[vc_row][vc_column][vc_raw_html]JTNDaWZyYW1lJTIwc3JjJTNEJTIyaHR0cHMlM0ElMkYlMkZ3d3cuZ29vZ2xlLmNvbSUyRm1hcHMlMkZlbWJlZCUzRnBiJTNEJTIxMW0xOCUyMTFtMTIlMjExbTMlMjExZDI1MDYuNDkwNjk3NzQ2MzU4JTIxMmQxNy4wMDQ3NjM3MTUwNzgzNzIlMjEzZDUxLjA4MDk1MTA3OTU2NzM1JTIxMm0zJTIxMWYwJTIxMmYwJTIxM2YwJTIxM20yJTIxMWkxMDI0JTIxMmk3NjglMjE0ZjEzLjElMjEzbTMlMjExbTIlMjExczB4NDcwZmMyMzdjYjlmZjA0YiUyNTNBMHgxMmI1Y2MwMjEyZmEwZmUyJTIxMnNQcnplZHN6a29sZSUyNTIwbnIlMjUyMDI4LiUyNTIwRmFudGF6amElMjE1ZTAlMjEzbTIlMjExc3BsJTIxMnNwbCUyMTR2MTYyMDM3ODAyNDQ3MSUyMTVtMiUyMTFzcGwlMjEyc3BsJTIyJTIwd2lkdGglM0QlMjIxMDAlMjUlMjIlMjBoZWlnaHQlM0QlMjI1MDAlMjIlMjBmcmFtZWJvcmRlciUzRCUyMjAlMjIlMjBzdHlsZSUzRCUyMmJvcmRlciUzQTAlM0IlMjIlMjBhbGxvd2Z1bGxzY3JlZW4lM0QlMjIlMjIlMjBhcmlhLWhpZGRlbiUzRCUyMmZhbHNlJTIyJTIwdGFiaW5kZXglM0QlMjIwJTIyJTNFJTNDJTJGaWZyYW1lJTNF[\/vc_raw_html][\/vc_column][\/vc_row][vc_row][vc_column][\/vc_column][\/vc_row][vc_row][vc_column width=&#8221;1\/2&#8243;][vc_empty_space height=&#8221;180px&#8221;][vc_column_text css=&#8221;&#8221;][\/vc_column_text][\/vc_column][vc_column width=&#8221;1\/2&#8243;][vc_column_text] Przedszkole nr 28 &#8222;Fantazja&#8221; [\/vc_column_text][vc_column_text]Adres: ul. Orla 5-7 53-143 Wroc\u0142aw [\/vc_column_text][vc_column_text css=&#8221;&#8221;]Telefon: 71 798 67 81 dyrektor wew. 102 wicedyrektor wew. 100 intendent wew. 113 [&hellip;]<\/p>\n","protected":false},"author":7,"featured_media":0,"parent":0,"menu_order":0,"comment_status":"closed","ping_status":"closed","template":"","meta":{"footnotes":""},"class_list":["post-89","page","type-page","status-publish","hentry","clearfix"],"_links":{"self":[{"href":"https:\/\/przedszkole28.edu.wroclaw.pl\/index.php\/wp-json\/wp\/v2\/pages\/89","targetHints":{"allow":["GET"]}}],"collection":[{"href":"https:\/\/przedszkole28.edu.wroclaw.pl\/index.php\/wp-json\/wp\/v2\/pages"}],"about":[{"href":"https:\/\/przedszkole28.edu.wroclaw.pl\/index.php\/wp-json\/wp\/v2\/types\/page"}],"author":[{"embeddable":true,"href":"https:\/\/przedszkole28.edu.wroclaw.pl\/index.php\/wp-json\/wp\/v2\/users\/7"}],"replies":[{"embeddable":true,"href":"https:\/\/przedszkole28.edu.wroclaw.pl\/index.php\/wp-json\/wp\/v2\/comments?post=89"}],"version-history":[{"count":26,"href":"https:\/\/przedszkole28.edu.wroclaw.pl\/index.php\/wp-json\/wp\/v2\/pages\/89\/revisions"}],"predecessor-version":[{"id":5512,"href":"https:\/\/przedszkole28.edu.wroclaw.pl\/index.php\/wp-json\/wp\/v2\/pages\/89\/revisions\/5512"}],"wp:attachment":[{"href":"https:\/\/przedszkole28.edu.wroclaw.pl\/index.php\/wp-json\/wp\/v2\/media?parent=89"}],"curies":[{"name":"wp","href":"https:\/\/api.w.org\/{rel}","templated":true}]}}